{"id":173,"date":"2025-05-09T17:54:52","date_gmt":"2025-05-09T14:54:52","guid":{"rendered":"https:\/\/primelounge.com.tr\/menu\/?page_id=173"},"modified":"2026-01-09T23:19:43","modified_gmt":"2026-01-09T20:19:43","slug":"sicak-icecekler","status":"publish","type":"page","link":"https:\/\/primelounge.com.tr\/menu\/sicak-icecekler\/","title":{"rendered":"S\u0131cak \u0130\u00e7ecekler"},"content":{"rendered":"\n<div class=\"gb-element-8d2370a9\">\n<h5 class=\"gb-text gb-text-1961254e\"><strong>S\u0131cak \u0130\u00e7ecekler<\/strong><br>Hot drinks<br>\u0413\u043e\u0440\u044f\u0447\u0438\u0435 \u043d\u0430\u043f\u0438\u0442\u043a\u0438<\/h5>\n\n\n\n<div class=\"wp-block-getwid-price-list has-dots\"> <div class=\"wp-block-getwid-price-list__content-wrapper\"><div class=\"wp-block-getwid-price-list__header\"><p class=\"wp-block-getwid-price-list__title\">Demleme \u00c7ay Bardak<br>Brewed Tea (Glass)<br>\u0417\u0430\u0432\u0430\u0440\u043d\u043e\u0439 \u0447\u0430\u0439 (\u0441\u0442\u0430\u043a\u0430\u043d)<\/p><div class=\"wp-block-getwid-price-list__price-line\"><\/div><div class=\"wp-block-getwid-price-list__price-wrapper has-currency-after-space\"><p class=\"wp-block-getwid-price-list__currency\">TL<\/p><p class=\"wp-block-getwid-price-list__amount\">45<\/p><\/div><\/div><\/div><\/div>\n\n\n\n<div class=\"wp-block-getwid-price-list has-dots\"> <div class=\"wp-block-getwid-price-list__content-wrapper\"><div class=\"wp-block-getwid-price-list__header\"><p class=\"wp-block-getwid-price-list__title\">Demleme \u00c7ay Fincan<br>Brewed Tea (Cup)<br>\u0417\u0430\u0432\u0430\u0440\u043d\u043e\u0439 \u0447\u0430\u0439 (\u0447\u0430\u0448\u043a\u0430)<\/p><div class=\"wp-block-getwid-price-list__price-line\"><\/div><div class=\"wp-block-getwid-price-list__price-wrapper has-currency-after-space\"><p class=\"wp-block-getwid-price-list__currency\">TL<\/p><p class=\"wp-block-getwid-price-list__amount\">75<\/p><\/div><\/div><\/div><\/div>\n\n\n\n<div class=\"wp-block-getwid-price-list has-dots\"> <div class=\"wp-block-getwid-price-list__content-wrapper\"><div class=\"wp-block-getwid-price-list__header\"><p class=\"wp-block-getwid-price-list__title\">S\u0131cak \u00c7ikolata<br>Hot Chocolate<br>\u0413\u043e\u0440\u044f\u0447\u0438\u0439 \u0448\u043e\u043a\u043e\u043b\u0430\u0434<\/p><div class=\"wp-block-getwid-price-list__price-line\"><\/div><div class=\"wp-block-getwid-price-list__price-wrapper has-currency-after-space\"><p class=\"wp-block-getwid-price-list__currency\">TL<\/p><p class=\"wp-block-getwid-price-list__amount\">160<\/p><\/div><\/div><\/div><\/div>\n\n\n\n<div class=\"wp-block-getwid-price-list has-dots\"> <div class=\"wp-block-getwid-price-list__content-wrapper\"><div class=\"wp-block-getwid-price-list__header\"><p class=\"wp-block-getwid-price-list__title\">Salep<br>Salep (Hot Milk Drink)<br>\u0421\u0430\u043b\u0435\u043f (\u0433\u043e\u0440\u044f\u0447\u0438\u0439 \u043c\u043e\u043b\u043e\u0447\u043d\u044b\u0439 \u043d\u0430\u043f\u0438\u0442\u043e\u043a)<\/p><div class=\"wp-block-getwid-price-list__price-line\"><\/div><div class=\"wp-block-getwid-price-list__price-wrapper has-currency-after-space\"><p class=\"wp-block-getwid-price-list__currency\">TL<\/p><p class=\"wp-block-getwid-price-list__amount\">160<\/p><\/div><\/div><\/div><\/div>\n\n\n\n<div class=\"wp-block-getwid-price-list has-dots\"> <div class=\"wp-block-getwid-price-list__content-wrapper\"><div class=\"wp-block-getwid-price-list__header\"><p class=\"wp-block-getwid-price-list__title\">Atom \u00c7ay\u0131<br>Atom Tea<br>\u0427\u0430\u0439 \u0410\u0442\u043e\u043c<\/p><div class=\"wp-block-getwid-price-list__price-line\"><\/div><div class=\"wp-block-getwid-price-list__price-wrapper has-currency-after-space\"><p class=\"wp-block-getwid-price-list__currency\">TL<\/p><p class=\"wp-block-getwid-price-list__amount\">160<\/p><\/div><\/div><\/div><\/div>\n\n\n\n<div class=\"wp-block-getwid-price-list has-dots\"> <div class=\"wp-block-getwid-price-list__content-wrapper\"><div class=\"wp-block-getwid-price-list__header\"><p class=\"wp-block-getwid-price-list__title\">Nane Limon Zencefil<br>Mint Lemon Ginger<br>\u041c\u044f\u0442\u0430 \u041b\u0438\u043c\u043e\u043d \u0418\u043c\u0431\u0438\u0440\u044c<\/p><div class=\"wp-block-getwid-price-list__price-line\"><\/div><div class=\"wp-block-getwid-price-list__price-wrapper has-currency-after-space\"><p class=\"wp-block-getwid-price-list__currency\">TL<\/p><p class=\"wp-block-getwid-price-list__amount\">160<\/p><\/div><\/div><\/div><\/div>\n\n\n\n<div class=\"wp-block-getwid-price-list has-dots\"> <div class=\"wp-block-getwid-price-list__content-wrapper\"><div class=\"wp-block-getwid-price-list__header\"><p class=\"wp-block-getwid-price-list__title\">S\u0131cak S\u00fct<br>Hot Milk<br>\u0413\u043e\u0440\u044f\u0447\u0435\u0435 \u043c\u043e\u043b\u043e\u043a\u043e<\/p><div class=\"wp-block-getwid-price-list__price-line\"><\/div><div class=\"wp-block-getwid-price-list__price-wrapper has-currency-after-space\"><p class=\"wp-block-getwid-price-list__currency\">TL<\/p><p class=\"wp-block-getwid-price-list__amount\">100<\/p><\/div><\/div><\/div><\/div>\n<\/div>\n\n\n\n<div class=\"gb-element-8c1b9c11\">\n<h5 class=\"gb-text gb-text-be6ff5a0\"><strong>Bitki \u00c7aylar\u0131<\/strong><br>Herbal Teas<br>\u0422\u0440\u0430\u0432\u044f\u043d\u044b\u0435 \u0447\u0430\u0438<\/h5>\n\n\n\n<div class=\"wp-block-getwid-price-list has-dots\"> <div class=\"wp-block-getwid-price-list__content-wrapper\"><div class=\"wp-block-getwid-price-list__header\"><p class=\"wp-block-getwid-price-list__title\">Ihlamur \u00c7ay\u0131<br>Linden Tea<br>\u0427\u0430\u0439 \u0438\u0437 \u043b\u0438\u043f\u044b<\/p><div class=\"wp-block-getwid-price-list__price-line\"><\/div><div class=\"wp-block-getwid-price-list__price-wrapper has-currency-after-space\"><p class=\"wp-block-getwid-price-list__currency\">TL<\/p><p class=\"wp-block-getwid-price-list__amount\">160<\/p><\/div><\/div><\/div><\/div>\n\n\n\n<div class=\"wp-block-getwid-price-list has-dots\"> <div class=\"wp-block-getwid-price-list__content-wrapper\"><div class=\"wp-block-getwid-price-list__header\"><p class=\"wp-block-getwid-price-list__title\">K\u0131\u015f \u00c7ay\u0131<br>Winter Tea<br>\u0417\u0438\u043c\u043d\u0438\u0439 \u0447\u0430\u0439<\/p><div class=\"wp-block-getwid-price-list__price-line\"><\/div><div class=\"wp-block-getwid-price-list__price-wrapper has-currency-after-space\"><p class=\"wp-block-getwid-price-list__currency\">TL<\/p><p class=\"wp-block-getwid-price-list__amount\">160<\/p><\/div><\/div><\/div><\/div>\n\n\n\n<div class=\"wp-block-getwid-price-list has-dots\"> <div class=\"wp-block-getwid-price-list__content-wrapper\"><div class=\"wp-block-getwid-price-list__header\"><p class=\"wp-block-getwid-price-list__title\">Ye\u015fil \u00c7ay<br>Green Tea<br>\u0417\u0435\u043b\u0451\u043d\u044b\u0439 \u0447\u0430\u0439<\/p><div class=\"wp-block-getwid-price-list__price-line\"><\/div><div class=\"wp-block-getwid-price-list__price-wrapper has-currency-after-space\"><p class=\"wp-block-getwid-price-list__currency\">TL<\/p><p class=\"wp-block-getwid-price-list__amount\">160<\/p><\/div><\/div><\/div><\/div>\n\n\n\n<div class=\"wp-block-getwid-price-list has-dots\"> <div class=\"wp-block-getwid-price-list__content-wrapper\"><div class=\"wp-block-getwid-price-list__header\"><p class=\"wp-block-getwid-price-list__title\">Ada \u00c7ay\u0131<br>Sage Tea<br>\u0428\u0430\u043b\u0444\u0435\u0439\u043d\u044b\u0439 \u0447\u0430\u0439<\/p><div class=\"wp-block-getwid-price-list__price-line\"><\/div><div class=\"wp-block-getwid-price-list__price-wrapper has-currency-after-space\"><p class=\"wp-block-getwid-price-list__currency\">TL<\/p><p class=\"wp-block-getwid-price-list__amount\">160<\/p><\/div><\/div><\/div><\/div>\n\n\n\n<div class=\"wp-block-getwid-price-list has-dots\"> <div class=\"wp-block-getwid-price-list__content-wrapper\"><div class=\"wp-block-getwid-price-list__header\"><p class=\"wp-block-getwid-price-list__title\">Papatya \u00c7ay\u0131<br>Chamomile Tea<br>\u0420\u043e\u043c\u0430\u0448\u043a\u043e\u0432\u044b\u0439 \u0447\u0430\u0439<\/p><div class=\"wp-block-getwid-price-list__price-line\"><\/div><div class=\"wp-block-getwid-price-list__price-wrapper has-currency-after-space\"><p class=\"wp-block-getwid-price-list__currency\">TL<\/p><p class=\"wp-block-getwid-price-list__amount\">160<\/p><\/div><\/div><\/div><\/div>\n\n\n\n<div class=\"wp-block-getwid-price-list has-dots\"> <div class=\"wp-block-getwid-price-list__content-wrapper\"><div class=\"wp-block-getwid-price-list__header\"><p class=\"wp-block-getwid-price-list__title\">Yasemin \u00c7ay\u0131<br>Jasmine Tea<br>\u0416\u0430\u0441\u043c\u0438\u043d\u043e\u0432\u044b\u0439 \u0447\u0430\u0439<\/p><div class=\"wp-block-getwid-price-list__price-line\"><\/div><div class=\"wp-block-getwid-price-list__price-wrapper has-currency-after-space\"><p class=\"wp-block-getwid-price-list__currency\">TL<\/p><p class=\"wp-block-getwid-price-list__amount\">160<\/p><\/div><\/div><\/div><\/div>\n\n\n\n<div class=\"wp-block-getwid-price-list has-dots\"> <div class=\"wp-block-getwid-price-list__content-wrapper\"><div class=\"wp-block-getwid-price-list__header\"><p class=\"wp-block-getwid-price-list__title\">Kivi \u00c7ay\u0131<br>Kiwi Tea<br>\u0427\u0430\u0439 \u0441 \u043a\u0438\u0432\u0438<\/p><div class=\"wp-block-getwid-price-list__price-line\"><\/div><div class=\"wp-block-getwid-price-list__price-wrapper has-currency-after-space\"><p class=\"wp-block-getwid-price-list__currency\">TL<\/p><p class=\"wp-block-getwid-price-list__amount\">90<\/p><\/div><\/div><\/div><\/div>\n\n\n\n<div class=\"wp-block-getwid-price-list has-dots\"> <div class=\"wp-block-getwid-price-list__content-wrapper\"><div class=\"wp-block-getwid-price-list__header\"><p class=\"wp-block-getwid-price-list__title\">Nane Limon<br>Mint Lemon<br>\u041c\u044f\u0442\u0430 \u041b\u0438\u043c\u043e\u043d<\/p><div class=\"wp-block-getwid-price-list__price-line\"><\/div><div class=\"wp-block-getwid-price-list__price-wrapper has-currency-after-space\"><p class=\"wp-block-getwid-price-list__currency\">TL<\/p><p class=\"wp-block-getwid-price-list__amount\">90<\/p><\/div><\/div><\/div><\/div>\n<\/div>\n","protected":false},"excerpt":{"rendered":"<p>S\u0131cak \u0130\u00e7eceklerHot drinks\u0413\u043e\u0440\u044f\u0447\u0438\u0435 \u043d\u0430\u043f\u0438\u0442\u043a\u0438 Bitki \u00c7aylar\u0131Herbal Teas\u0422\u0440\u0430\u0432\u044f\u043d\u044b\u0435 \u0447\u0430\u0438<\/p>\n","protected":false},"author":1,"featured_media":0,"parent":0,"menu_order":0,"comment_status":"closed","ping_status":"closed","template":"","meta":{"footnotes":""},"class_list":["post-173","page","type-page","status-publish"],"_links":{"self":[{"href":"https:\/\/primelounge.com.tr\/menu\/wp-json\/wp\/v2\/pages\/173","targetHints":{"allow":["GET"]}}],"collection":[{"href":"https:\/\/primelounge.com.tr\/menu\/wp-json\/wp\/v2\/pages"}],"about":[{"href":"https:\/\/primelounge.com.tr\/menu\/wp-json\/wp\/v2\/types\/page"}],"author":[{"embeddable":true,"href":"https:\/\/primelounge.com.tr\/menu\/wp-json\/wp\/v2\/users\/1"}],"replies":[{"embeddable":true,"href":"https:\/\/primelounge.com.tr\/menu\/wp-json\/wp\/v2\/comments?post=173"}],"version-history":[{"count":28,"href":"https:\/\/primelounge.com.tr\/menu\/wp-json\/wp\/v2\/pages\/173\/revisions"}],"predecessor-version":[{"id":597,"href":"https:\/\/primelounge.com.tr\/menu\/wp-json\/wp\/v2\/pages\/173\/revisions\/597"}],"wp:attachment":[{"href":"https:\/\/primelounge.com.tr\/menu\/wp-json\/wp\/v2\/media?parent=173"}],"curies":[{"name":"wp","href":"https:\/\/api.w.org\/{rel}","templated":true}]}}