{"id":208,"date":"2025-05-09T18:25:10","date_gmt":"2025-05-09T15:25:10","guid":{"rendered":"https:\/\/primelounge.com.tr\/menu\/?page_id=208"},"modified":"2026-01-09T23:32:33","modified_gmt":"2026-01-09T20:32:33","slug":"milkshake-frozen","status":"publish","type":"page","link":"https:\/\/primelounge.com.tr\/menu\/milkshake-frozen\/","title":{"rendered":"Milkshake &#8211; Frozen"},"content":{"rendered":"\n<div class=\"gb-element-8d2370a9\">\n<h5 class=\"gb-text gb-text-1961254e\"><strong>Milkshake<\/strong><\/h5>\n\n\n\n<div class=\"wp-block-getwid-price-list has-dots\"> <div class=\"wp-block-getwid-price-list__content-wrapper\"><div class=\"wp-block-getwid-price-list__header\"><p class=\"wp-block-getwid-price-list__title\">\u00c7ilekli Milkshake<br>Strawberry Milkshake<br>\u041a\u043b\u0443\u0431\u043d\u0438\u0447\u043d\u044b\u0439 \u043c\u0438\u043b\u043a\u0448\u0435\u0439\u043a<\/p><div class=\"wp-block-getwid-price-list__price-line\"><\/div><div class=\"wp-block-getwid-price-list__price-wrapper has-currency-after-space\"><p class=\"wp-block-getwid-price-list__currency\">TL<\/p><p class=\"wp-block-getwid-price-list__amount\">210<\/p><\/div><\/div><\/div><\/div>\n\n\n\n<div class=\"wp-block-getwid-price-list has-dots\"> <div class=\"wp-block-getwid-price-list__content-wrapper\"><div class=\"wp-block-getwid-price-list__header\"><p class=\"wp-block-getwid-price-list__title\">\u00c7ikolatal\u0131 Milkshake<br>Chocolate Milkshake<br>\u0428\u043e\u043a\u043e\u043b\u0430\u0434\u043d\u044b\u0439 \u043c\u0438\u043b\u043a\u0448\u0435\u0439\u043a<\/p><div class=\"wp-block-getwid-price-list__price-line\"><\/div><div class=\"wp-block-getwid-price-list__price-wrapper has-currency-after-space\"><p class=\"wp-block-getwid-price-list__currency\">TL<\/p><p class=\"wp-block-getwid-price-list__amount\">210<\/p><\/div><\/div><\/div><\/div>\n\n\n\n<div class=\"wp-block-getwid-price-list has-dots\"> <div class=\"wp-block-getwid-price-list__content-wrapper\"><div class=\"wp-block-getwid-price-list__header\"><p class=\"wp-block-getwid-price-list__title\">Vanilya Milkshake<br>Vanilla Milkshake<br>\u0412\u0430\u043d\u0438\u043b\u044c\u043d\u044b\u0439 \u043c\u0438\u043b\u043a\u0448\u0435\u0439\u043a<\/p><div class=\"wp-block-getwid-price-list__price-line\"><\/div><div class=\"wp-block-getwid-price-list__price-wrapper has-currency-after-space\"><p class=\"wp-block-getwid-price-list__currency\">TL<\/p><p class=\"wp-block-getwid-price-list__amount\">210<\/p><\/div><\/div><\/div><\/div>\n\n\n\n<div class=\"wp-block-getwid-price-list has-dots\"> <div class=\"wp-block-getwid-price-list__content-wrapper\"><div class=\"wp-block-getwid-price-list__header\"><p class=\"wp-block-getwid-price-list__title\">Karamel Milkshake<br>Caramel Milkshake<br>\u043a\u0430\u0440\u0430\u043c\u0435\u043b\u044c\u043d\u044b\u0439 \u043c\u043e\u043b\u043e\u0447\u043d\u044b\u0439 \u043a\u043e\u043a\u0442\u0435\u0439\u043b\u044c<\/p><div class=\"wp-block-getwid-price-list__price-line\"><\/div><div class=\"wp-block-getwid-price-list__price-wrapper has-currency-after-space\"><p class=\"wp-block-getwid-price-list__currency\">TL<\/p><p class=\"wp-block-getwid-price-list__amount\">210<\/p><\/div><\/div><\/div><\/div>\n<\/div>\n\n\n\n<div class=\"gb-element-dab4e344\">\n<h5 class=\"gb-text gb-text-7e16e1e1\"><strong>Frozen<\/strong><\/h5>\n\n\n\n<div class=\"wp-block-getwid-price-list has-dots\"> <div class=\"wp-block-getwid-price-list__content-wrapper\"><div class=\"wp-block-getwid-price-list__header\"><p class=\"wp-block-getwid-price-list__title\">\u00c7ilekli Frozen<br>Strawberry Frozen<br>\u041a\u043b\u0443\u0431\u043d\u0438\u0447\u043d\u044b\u0439 \u0444\u0440\u043e\u0437\u0435\u043d<\/p><div class=\"wp-block-getwid-price-list__price-line\"><\/div><div class=\"wp-block-getwid-price-list__price-wrapper has-currency-after-space\"><p class=\"wp-block-getwid-price-list__currency\">TL<\/p><p class=\"wp-block-getwid-price-list__amount\">210<\/p><\/div><\/div><\/div><\/div>\n\n\n\n<div class=\"wp-block-getwid-price-list has-dots\"> <div class=\"wp-block-getwid-price-list__content-wrapper\"><div class=\"wp-block-getwid-price-list__header\"><p class=\"wp-block-getwid-price-list__title\">Karpuzlu Frozen<br>Watermelon Frozen<br>\u0410\u0440\u0431\u0443\u0437\u043d\u044b\u0439 \u0444\u0440\u043e\u0437\u0435\u043d<\/p><div class=\"wp-block-getwid-price-list__price-line\"><\/div><div class=\"wp-block-getwid-price-list__price-wrapper has-currency-after-space\"><p class=\"wp-block-getwid-price-list__currency\">TL<\/p><p class=\"wp-block-getwid-price-list__amount\">210<\/p><\/div><\/div><\/div><\/div>\n\n\n\n<div class=\"wp-block-getwid-price-list has-dots\"> <div class=\"wp-block-getwid-price-list__content-wrapper\"><div class=\"wp-block-getwid-price-list__header\"><p class=\"wp-block-getwid-price-list__title\">B\u00f6\u011f\u00fcrtlen Frozen<br>Blackberry Frozen<br>\u0415\u0436\u0435\u0432\u0438\u043a\u0430 \u0437\u0430\u043c\u043e\u0440\u043e\u0436\u0435\u043d\u043d\u0430\u044f<\/p><div class=\"wp-block-getwid-price-list__price-line\"><\/div><div class=\"wp-block-getwid-price-list__price-wrapper has-currency-after-space\"><p class=\"wp-block-getwid-price-list__currency\">TL<\/p><p class=\"wp-block-getwid-price-list__amount\">210<\/p><\/div><\/div><\/div><\/div>\n\n\n\n<div class=\"wp-block-getwid-price-list has-dots\"> <div class=\"wp-block-getwid-price-list__content-wrapper\"><div class=\"wp-block-getwid-price-list__header\"><p class=\"wp-block-getwid-price-list__title\">Mango Frozen<br>Mango Frozen<br>\u0417\u0430\u043c\u043e\u0440\u043e\u0436\u0435\u043d\u043d\u043e\u0435 \u043c\u0430\u043d\u0433\u043e<\/p><div class=\"wp-block-getwid-price-list__price-line\"><\/div><div class=\"wp-block-getwid-price-list__price-wrapper has-currency-after-space\"><p class=\"wp-block-getwid-price-list__currency\">TL<\/p><p class=\"wp-block-getwid-price-list__amount\">210<\/p><\/div><\/div><\/div><\/div>\n\n\n\n<div class=\"wp-block-getwid-price-list has-dots\"> <div class=\"wp-block-getwid-price-list__content-wrapper\"><div class=\"wp-block-getwid-price-list__header\"><p class=\"wp-block-getwid-price-list__title\">Orman Meyveli Frozen<br>Forest Fruits Frozen<br>\u0417\u0430\u043c\u043e\u0440\u043e\u0436\u0435\u043d\u043d\u044b\u0435 \u043b\u0435\u0441\u043d\u044b\u0435 \u0444\u0440\u0443\u043a\u0442\u044b<\/p><div class=\"wp-block-getwid-price-list__price-line\"><\/div><div class=\"wp-block-getwid-price-list__price-wrapper has-currency-after-space\"><p class=\"wp-block-getwid-price-list__currency\">TL<\/p><p class=\"wp-block-getwid-price-list__amount\">210<\/p><\/div><\/div><\/div><\/div>\n<\/div>\n\n\n\n<p><\/p>\n","protected":false},"excerpt":{"rendered":"<p>Milkshake Frozen<\/p>\n","protected":false},"author":1,"featured_media":0,"parent":0,"menu_order":0,"comment_status":"closed","ping_status":"closed","template":"","meta":{"footnotes":""},"class_list":["post-208","page","type-page","status-publish"],"_links":{"self":[{"href":"https:\/\/primelounge.com.tr\/menu\/wp-json\/wp\/v2\/pages\/208","targetHints":{"allow":["GET"]}}],"collection":[{"href":"https:\/\/primelounge.com.tr\/menu\/wp-json\/wp\/v2\/pages"}],"about":[{"href":"https:\/\/primelounge.com.tr\/menu\/wp-json\/wp\/v2\/types\/page"}],"author":[{"embeddable":true,"href":"https:\/\/primelounge.com.tr\/menu\/wp-json\/wp\/v2\/users\/1"}],"replies":[{"embeddable":true,"href":"https:\/\/primelounge.com.tr\/menu\/wp-json\/wp\/v2\/comments?post=208"}],"version-history":[{"count":10,"href":"https:\/\/primelounge.com.tr\/menu\/wp-json\/wp\/v2\/pages\/208\/revisions"}],"predecessor-version":[{"id":605,"href":"https:\/\/primelounge.com.tr\/menu\/wp-json\/wp\/v2\/pages\/208\/revisions\/605"}],"wp:attachment":[{"href":"https:\/\/primelounge.com.tr\/menu\/wp-json\/wp\/v2\/media?parent=208"}],"curies":[{"name":"wp","href":"https:\/\/api.w.org\/{rel}","templated":true}]}}