{"id":210,"date":"2025-05-09T18:27:00","date_gmt":"2025-05-09T15:27:00","guid":{"rendered":"https:\/\/primelounge.com.tr\/menu\/?page_id=210"},"modified":"2026-01-09T23:33:04","modified_gmt":"2026-01-09T20:33:04","slug":"saglikli-icecekler","status":"publish","type":"page","link":"https:\/\/primelounge.com.tr\/menu\/saglikli-icecekler\/","title":{"rendered":"Sa\u011fl\u0131kl\u0131 \u0130\u00e7ecekler"},"content":{"rendered":"\n<div class=\"gb-element-8d2370a9\">\n<h5 class=\"gb-text gb-text-1961254e\"><strong>Sa\u011fl\u0131kl\u0131 \u0130\u00e7ecekler<\/strong><br>Healthy drinks<br>\u041f\u043e\u043b\u0435\u0437\u043d\u044b\u0435 \u043d\u0430\u043f\u0438\u0442\u043a\u0438<\/h5>\n\n\n\n<div class=\"wp-block-getwid-price-list has-dots\"> <div class=\"wp-block-getwid-price-list__content-wrapper\"><div class=\"wp-block-getwid-price-list__header\"><p class=\"wp-block-getwid-price-list__title\">Taze Portakal Suyu<br>Fresh Orange Juice<br>\u0421\u0432\u0435\u0436\u0435\u0432\u044b\u0436\u0430\u0442\u044b\u0439 \u0430\u043f\u0435\u043b\u044c\u0441\u0438\u043d\u043e\u0432\u044b\u0439 \u0441\u043e\u043a<\/p><div class=\"wp-block-getwid-price-list__price-line\"><\/div><div class=\"wp-block-getwid-price-list__price-wrapper has-currency-after-space\"><p class=\"wp-block-getwid-price-list__currency\">TL<\/p><p class=\"wp-block-getwid-price-list__amount\">210<\/p><\/div><\/div><\/div><\/div>\n\n\n\n<div class=\"wp-block-getwid-price-list has-dots\"> <div class=\"wp-block-getwid-price-list__content-wrapper\"><div class=\"wp-block-getwid-price-list__header\"><p class=\"wp-block-getwid-price-list__title\">Limonata<br>Lemonade<br>\u041b\u0438\u043c\u043e\u043d\u0430\u0434<\/p><div class=\"wp-block-getwid-price-list__price-line\"><\/div><div class=\"wp-block-getwid-price-list__price-wrapper has-currency-after-space\"><p class=\"wp-block-getwid-price-list__currency\">TL<\/p><p class=\"wp-block-getwid-price-list__amount\">180<\/p><\/div><\/div><\/div><\/div>\n\n\n\n<div class=\"wp-block-getwid-price-list has-dots\"> <div class=\"wp-block-getwid-price-list__content-wrapper\"><div class=\"wp-block-getwid-price-list__header\"><p class=\"wp-block-getwid-price-list__title\">Ball\u0131 S\u00fct<br>Milk with Honey<br>\u041c\u043e\u043b\u043e\u043a\u043e \u0441 \u043c\u0451\u0434\u043e\u043c<\/p><div class=\"wp-block-getwid-price-list__price-line\"><\/div><div class=\"wp-block-getwid-price-list__price-wrapper has-currency-after-space\"><p class=\"wp-block-getwid-price-list__currency\">TL<\/p><p class=\"wp-block-getwid-price-list__amount\">180<\/p><\/div><\/div><\/div><\/div>\n<\/div>\n","protected":false},"excerpt":{"rendered":"<p>Sa\u011fl\u0131kl\u0131 \u0130\u00e7eceklerHealthy drinks\u041f\u043e\u043b\u0435\u0437\u043d\u044b\u0435 \u043d\u0430\u043f\u0438\u0442\u043a\u0438<\/p>\n","protected":false},"author":1,"featured_media":0,"parent":0,"menu_order":0,"comment_status":"closed","ping_status":"closed","template":"","meta":{"footnotes":""},"class_list":["post-210","page","type-page","status-publish"],"_links":{"self":[{"href":"https:\/\/primelounge.com.tr\/menu\/wp-json\/wp\/v2\/pages\/210","targetHints":{"allow":["GET"]}}],"collection":[{"href":"https:\/\/primelounge.com.tr\/menu\/wp-json\/wp\/v2\/pages"}],"about":[{"href":"https:\/\/primelounge.com.tr\/menu\/wp-json\/wp\/v2\/types\/page"}],"author":[{"embeddable":true,"href":"https:\/\/primelounge.com.tr\/menu\/wp-json\/wp\/v2\/users\/1"}],"replies":[{"embeddable":true,"href":"https:\/\/primelounge.com.tr\/menu\/wp-json\/wp\/v2\/comments?post=210"}],"version-history":[{"count":8,"href":"https:\/\/primelounge.com.tr\/menu\/wp-json\/wp\/v2\/pages\/210\/revisions"}],"predecessor-version":[{"id":606,"href":"https:\/\/primelounge.com.tr\/menu\/wp-json\/wp\/v2\/pages\/210\/revisions\/606"}],"wp:attachment":[{"href":"https:\/\/primelounge.com.tr\/menu\/wp-json\/wp\/v2\/media?parent=210"}],"curies":[{"name":"wp","href":"https:\/\/api.w.org\/{rel}","templated":true}]}}