{"id":22,"date":"2025-05-07T21:44:45","date_gmt":"2025-05-07T18:44:45","guid":{"rendered":"https:\/\/primelounge.com.tr\/menu\/?page_id=22"},"modified":"2025-05-25T21:23:53","modified_gmt":"2025-05-25T18:23:53","slug":"anasayfa","status":"publish","type":"page","link":"https:\/\/primelounge.com.tr\/menu\/","title":{"rendered":"Anasayfa"},"content":{"rendered":"\n<div>\n<div class=\"gb-element-daeddd93\">\n<div class=\"gb-element-9628408d\">\n<a class=\"gb-text gb-text-b6882003\" href=\"https:\/\/primelounge.com.tr\/menu\/sicak-icecekler\/\"><strong>S\u0131cak \u0130\u00e7ecekler<\/strong><br>Hot Beverages<br><mark style=\"background-color:rgba(0, 0, 0, 0);color:#ff0000\" class=\"has-inline-color\">\u0413\u043e\u0440\u044f\u0447\u0438\u0435 \u043d\u0430\u043f\u0438\u0442\u043a\u0438<\/mark><\/a>\n<\/div>\n\n\n\n<div class=\"gb-element-2d54f052\">\n<a class=\"gb-text gb-text-bf58aa7d\" href=\"https:\/\/primelounge.com.tr\/menu\/sicak-kahveler\/\"><strong>S\u0131cak Kahveler<\/strong><br>Hot Coffees<br><mark style=\"background-color:rgba(0, 0, 0, 0);color:#ff0000\" class=\"has-inline-color\">\u0413\u043e\u0440\u044f\u0447\u0438\u0439 \u043a\u043e\u0444\u0435<\/mark><\/a>\n<\/div>\n\n\n\n<div class=\"gb-element-96bf721f\">\n<a class=\"gb-text gb-text-bcc424b4\" href=\"https:\/\/primelounge.com.tr\/menu\/sicak-alkollu-kahveler\/\"><strong>Alkoll\u00fc Kahveler<\/strong><br>Alcoholic Coffees<br><mark style=\"background-color:rgba(0, 0, 0, 0);color:#ff0000\" class=\"has-inline-color\">\u041a\u043e\u0444\u0435 \u0441 \u0430\u043b\u043a\u043e\u0433\u043e\u043b\u0435\u043c<\/mark><\/a>\n<\/div>\n\n\n\n<div class=\"gb-element-213455b5\">\n<a class=\"gb-text gb-text-b0a79cd9\" href=\"https:\/\/primelounge.com.tr\/menu\/soft-icecekler\/\"><strong>Soft \u0130\u00e7ecekler<\/strong><br>Soft Drinks<br><mark style=\"background-color:rgba(0, 0, 0, 0);color:#ff0000\" class=\"has-inline-color\">\u0411\u0435\u0437\u0430\u043b\u043a\u043e\u0433\u043e\u043b\u044c\u043d\u044b\u0435 \u043d\u0430\u043f\u0438\u0442\u043a\u0438<\/mark><\/a>\n<\/div>\n\n\n\n<div class=\"gb-element-7069dbac\">\n<a class=\"gb-text gb-text-afa3a6de\" href=\"https:\/\/primelounge.com.tr\/menu\/soguk-kahveler\/\"><strong>So\u011fuk Kahveler<\/strong><br>Cold Coffees<br><mark style=\"background-color:rgba(0, 0, 0, 0);color:#ff0000\" class=\"has-inline-color\">\u0425\u043e\u043b\u043e\u0434\u043d\u044b\u0439 \u043a\u043e\u0444\u0435<\/mark><\/a>\n<\/div>\n\n\n\n<div class=\"gb-element-2f14ccd3\">\n<a class=\"gb-text gb-text-674199c9\" href=\"https:\/\/primelounge.com.tr\/menu\/milkshake-frozen\/\"><strong>Milkshake \/ Frozen<\/strong><br>Milkshake \/ Frozen<br><mark style=\"background-color:rgba(0, 0, 0, 0);color:#ff0000\" class=\"has-inline-color\">\u041c\u043e\u043b\u043e\u0447\u043d\u044b\u0435 \u043a\u043e\u043a\u0442\u0435\u0439\u043b\u0438 \/ \u0424\u0440\u043e\u0437\u0435\u043d<\/mark><\/a>\n<\/div>\n\n\n\n<div class=\"gb-element-d9021997\">\n<a class=\"gb-text gb-text-1e1393b2\" href=\"https:\/\/primelounge.com.tr\/menu\/saglikli-icecekler\/\"><strong>Sa\u011fl\u0131kl\u0131<\/strong> <strong>\u0130\u00e7ecekler<\/strong><br>Healthy Beverages<br><mark style=\"background-color:rgba(0, 0, 0, 0);color:#ff0000\" class=\"has-inline-color\">\u041f\u043e\u043b\u0435\u0437\u043d\u044b\u0435 \u043d\u0430\u043f\u0438\u0442\u043a\u0438<\/mark><\/a>\n<\/div>\n\n\n\n<div class=\"gb-element-ad627b27\">\n<a class=\"gb-text gb-text-b8da4b1f\" href=\"https:\/\/primelounge.com.tr\/menu\/alkolsuz-kokteyler\/\"><strong>Alkols\u00fcz<\/strong> <strong>Kokteyler<\/strong><br>Non-Alcoholic Cocktails<br><mark style=\"background-color:rgba(0, 0, 0, 0);color:#ff0000\" class=\"has-inline-color\">\u0411\u0435\u0437\u0430\u043b\u043a\u043e\u0433\u043e\u043b\u044c\u043d\u044b\u0435 \u043a\u043e\u043a\u0442\u0435\u0439\u043b\u0438<\/mark><\/a>\n<\/div>\n\n\n\n<div class=\"gb-element-015f208f\">\n<a class=\"gb-text gb-text-24591d37\" href=\"https:\/\/primelounge.com.tr\/menu\/alkollu-kokteyler\/\"><strong>Alkoll\u00fc<\/strong> <strong>Kokteyler<\/strong><br>Alcoholic Cocktails<br><mark style=\"background-color:rgba(0, 0, 0, 0);color:#ff0000\" class=\"has-inline-color\">\u0410\u043b\u043a\u043e\u0433\u043e\u043b\u044c\u043d\u044b\u0435 \u043a\u043e\u043a\u0442\u0435\u0439\u043b\u0438<\/mark><\/a>\n<\/div>\n\n\n\n<div class=\"gb-element-b0f91e54\">\n<a class=\"gb-text gb-text-5a377e81\" href=\"https:\/\/primelounge.com.tr\/menu\/biralar\/\"><strong>Biralar<\/strong><br><strong>Beers<\/strong><br><mark style=\"background-color:rgba(0, 0, 0, 0);color:#ff0000\" class=\"has-inline-color\">\u041f\u0438\u0432\u043e<\/mark><\/a>\n<\/div>\n\n\n\n<div class=\"gb-element-c2c86c4f\">\n<a class=\"gb-text gb-text-ec4579a4\" href=\"https:\/\/primelounge.com.tr\/menu\/bardak-alkoller\/\"><strong>Bardak<\/strong> <strong>Alkoller<\/strong><br>Glass Alcohols<br><mark style=\"background-color:rgba(0, 0, 0, 0);color:#ff0000\" class=\"has-inline-color\">\u0410\u043b\u043a\u043e\u0433\u043e\u043b\u044c \u0432 \u0431\u043e\u043a\u0430\u043b\u0435<\/mark><\/a>\n<\/div>\n\n\n\n<div class=\"gb-element-47313749\">\n<a class=\"gb-text gb-text-043bf80e\" href=\"https:\/\/primelounge.com.tr\/menu\/sise-alkoller\/\"><strong>\u015ei\u015fe<\/strong> <strong>Alkoller<\/strong><br>Bottle Alcohols<br><mark style=\"background-color:rgba(0, 0, 0, 0);color:#ff0000\" class=\"has-inline-color\">\u0410\u043b\u043a\u043e\u0433\u043e\u043b\u044c \u0432 \u0431\u0443\u0442\u044b\u043b\u043a\u0430\u0445<\/mark><\/a>\n<\/div>\n\n\n\n<div class=\"gb-element-1414c995\">\n<a class=\"gb-text gb-text-ffc117c9\" href=\"https:\/\/primelounge.com.tr\/menu\/saraplar\/\"><strong>\u015earaplar<\/strong><br>Wines<br><mark style=\"background-color:rgba(0, 0, 0, 0);color:#ff0000\" class=\"has-inline-color\">\u0432\u0438\u043d\u0430<\/mark><\/a>\n<\/div>\n\n\n\n<div class=\"gb-element-1089b7b3\">\n<a class=\"gb-text gb-text-7aa11cd3\" href=\"https:\/\/primelounge.com.tr\/menu\/rakilar\/\"><strong>Rak\u0131lar<\/strong><br>Raki<br><mark style=\"background-color:rgba(0, 0, 0, 0);color:#ff0000\" class=\"has-inline-color\">P\u0430\u043a\u0438<\/mark><\/a>\n<\/div>\n\n\n\n<div class=\"gb-element-6c3839b3\">\n<a class=\"gb-text gb-text-9c6c7396\" href=\"https:\/\/primelounge.com.tr\/menu\/kahvalti\/\"><strong>Kahvalt\u0131 \/ Tost<\/strong><br>Breakfast \/ Toast<br><mark style=\"background-color:rgba(0, 0, 0, 0);color:#ff0000\" class=\"has-inline-color\">\u0417\u0430\u0432\u0442\u0440\u0430\u043a \/ \u0422\u043e\u0441\u0442<\/mark><\/a>\n<\/div>\n\n\n\n<div class=\"gb-element-ceb62ee9\">\n<a class=\"gb-text gb-text-f34dae3f\" href=\"https:\/\/primelounge.com.tr\/menu\/aperatifler\/\"><strong>Aperatifler<\/strong><br>Appetizers<br><mark style=\"background-color:rgba(0, 0, 0, 0);color:#ff0000\" class=\"has-inline-color\">\u0417\u0430\u043a\u0443\u0441\u043a\u0438<\/mark><\/a>\n<\/div>\n\n\n\n<div class=\"gb-element-c0a46978\">\n<a class=\"gb-text gb-text-8ab6df8b\" href=\"https:\/\/primelounge.com.tr\/menu\/salatalar\/\"><strong>Salatalar<\/strong> \/ Vegan<br>Salads \/ Vegans<br><mark style=\"background-color:rgba(0, 0, 0, 0);color:#fa0101\" class=\"has-inline-color\">\u0421\u0430\u043b\u0430\u0442\u044b \/ \u0412\u0435\u0433\u0430\u043d<\/mark><\/a>\n<\/div>\n\n\n\n<div class=\"gb-element-3f6bdb55\">\n<a class=\"gb-text gb-text-d76fea5b\" href=\"https:\/\/primelounge.com.tr\/menu\/hamburger-wrap\/\"><strong>Hamburger Wrap<\/strong><br>Hamburgers \/ Wraps<br><mark style=\"background-color:rgba(0, 0, 0, 0);color:#ff0000\" class=\"has-inline-color\">\u0411\u0443\u0440\u0433\u0435\u0440\u044b \/ \u0412\u0440\u0430\u043f\u044b<\/mark><\/a>\n<\/div>\n\n\n\n<div class=\"gb-element-dc01eea8\">\n<a class=\"gb-text gb-text-1ffb2749\" href=\"https:\/\/primelounge.com.tr\/menu\/pizzalar\/\"><strong>Pizzalar<\/strong><br>Pizzas<br><mark style=\"background-color:rgba(0, 0, 0, 0);color:#ff0000\" class=\"has-inline-color\">\u041f\u0438\u0446\u0446\u044b<\/mark><\/a>\n<\/div>\n\n\n\n<div class=\"gb-element-15b8a6a0\">\n<a class=\"gb-text gb-text-88d14c83\" href=\"https:\/\/primelounge.com.tr\/menu\/makarnalar\/\"><strong>Makarnalar<\/strong><br>Pastas<br><mark style=\"background-color:rgba(0, 0, 0, 0);color:#ff0000\" class=\"has-inline-color\">\u041c\u0430\u043a\u0430\u0440\u043e\u043d\u044b<\/mark><\/a>\n<\/div>\n\n\n\n<div class=\"gb-element-4fb65d28\">\n<a class=\"gb-text gb-text-dd949c39\" href=\"https:\/\/primelounge.com.tr\/menu\/tava-yemekleri\/\"><strong>Tava<\/strong> <strong>Yemekleri<\/strong><br>Pan Dishes<br><mark style=\"background-color:rgba(0, 0, 0, 0);color:#ff0000\" class=\"has-inline-color\">\u0411\u043b\u044e\u0434\u0430 \u043d\u0430 \u0441\u043a\u043e\u0432\u043e\u0440\u043e\u0434\u0435<\/mark><\/a>\n<\/div>\n\n\n\n<div class=\"gb-element-aea77751\">\n<a class=\"gb-text gb-text-b485172e\" href=\"https:\/\/primelounge.com.tr\/menu\/izgaralar\/\"><strong>Izgaralar<\/strong><br>Grills<br><mark style=\"background-color:rgba(0, 0, 0, 0);color:#ff0000\" class=\"has-inline-color\">\u0413\u0440\u0438\u043b\u044c<\/mark><\/a>\n<\/div>\n\n\n\n<div class=\"gb-element-13ec38b8\">\n<a class=\"gb-text gb-text-2d0d3780\" href=\"https:\/\/primelounge.com.tr\/menu\/tatli-ve-meyveler\/\"><strong>Tatl\u0131<\/strong> <strong>ve<\/strong> <strong>Meyveler<\/strong><br>Desserts and Fruits<br><mark style=\"background-color:rgba(0, 0, 0, 0);color:#ff0000\" class=\"has-inline-color\">\u0414\u0435\u0441\u0435\u0440\u0442\u044b \u0438 \u0444\u0440\u0443\u043a\u0442\u044b<\/mark><\/a>\n<\/div>\n\n\n\n<div class=\"gb-element-823c34f8\">\n<a class=\"gb-text gb-text-59948091\" href=\"https:\/\/primelounge.com.tr\/menu\/ekstralar\/\"><strong>Ekstralar<\/strong><br>Extras<br><mark style=\"background-color:rgba(0, 0, 0, 0);color:#ff0000\" class=\"has-inline-color\">\u0414\u043e\u043f\u043e\u043b\u043d\u0438\u0442\u0435\u043b\u044c\u043d\u043e<\/mark><\/a>\n<\/div>\n\n\n\n<div class=\"gb-element-2d769ec0\">\n<a class=\"gb-text gb-text-93832482\" href=\"https:\/\/primelounge.com.tr\/menu\/nargile\/\"><strong>Nargile<\/strong><br>Hookah<br><mark style=\"background-color:rgba(0, 0, 0, 0);color:#ff0000\" class=\"has-inline-color\">\u041a\u0430\u043b\u044c\u044f\u043d<\/mark><\/a>\n<\/div>\n<\/div>\n<\/div>\n\n\n\n<p><\/p>\n","protected":false},"excerpt":{"rendered":"<p>S\u0131cak \u0130\u00e7eceklerHot Beverages\u0413\u043e\u0440\u044f\u0447\u0438\u0435 \u043d\u0430\u043f\u0438\u0442\u043a\u0438 S\u0131cak KahvelerHot Coffees\u0413\u043e\u0440\u044f\u0447\u0438\u0439 \u043a\u043e\u0444\u0435 Alkoll\u00fc KahvelerAlcoholic Coffees\u041a\u043e\u0444\u0435 \u0441 \u0430\u043b\u043a\u043e\u0433\u043e\u043b\u0435\u043c Soft \u0130\u00e7eceklerSoft Drinks\u0411\u0435\u0437\u0430\u043b\u043a\u043e\u0433\u043e\u043b\u044c\u043d\u044b\u0435 \u043d\u0430\u043f\u0438\u0442\u043a\u0438 So\u011fuk KahvelerCold Coffees\u0425\u043e\u043b\u043e\u0434\u043d\u044b\u0439 \u043a\u043e\u0444\u0435 Milkshake \/ FrozenMilkshake \/ Frozen\u041c\u043e\u043b\u043e\u0447\u043d\u044b\u0435 \u043a\u043e\u043a\u0442\u0435\u0439\u043b\u0438 \/ \u0424\u0440\u043e\u0437\u0435\u043d Sa\u011fl\u0131kl\u0131 \u0130\u00e7eceklerHealthy Beverages\u041f\u043e\u043b\u0435\u0437\u043d\u044b\u0435 \u043d\u0430\u043f\u0438\u0442\u043a\u0438 Alkols\u00fcz KokteylerNon-Alcoholic Cocktails\u0411\u0435\u0437\u0430\u043b\u043a\u043e\u0433\u043e\u043b\u044c\u043d\u044b\u0435 \u043a\u043e\u043a\u0442\u0435\u0439\u043b\u0438 Alkoll\u00fc KokteylerAlcoholic Cocktails\u0410\u043b\u043a\u043e\u0433\u043e\u043b\u044c\u043d\u044b\u0435 \u043a\u043e\u043a\u0442\u0435\u0439\u043b\u0438 BiralarBeers\u041f\u0438\u0432\u043e Bardak AlkollerGlass Alcohols\u0410\u043b\u043a\u043e\u0433\u043e\u043b\u044c \u0432 \u0431\u043e\u043a\u0430\u043b\u0435 \u015ei\u015fe AlkollerBottle Alcohols\u0410\u043b\u043a\u043e\u0433\u043e\u043b\u044c \u0432 \u0431\u0443\u0442\u044b\u043b\u043a\u0430\u0445 \u015earaplarWines\u0432\u0438\u043d\u0430 Rak\u0131larRakiP\u0430\u043a\u0438 Kahvalt\u0131 &#8230; <a title=\"Anasayfa\" class=\"read-more\" href=\"https:\/\/primelounge.com.tr\/menu\/\" aria-label=\"Read more about Anasayfa\">Read more<\/a><\/p>\n","protected":false},"author":1,"featured_media":0,"parent":0,"menu_order":0,"comment_status":"closed","ping_status":"closed","template":"","meta":{"footnotes":""},"class_list":["post-22","page","type-page","status-publish"],"_links":{"self":[{"href":"https:\/\/primelounge.com.tr\/menu\/wp-json\/wp\/v2\/pages\/22","targetHints":{"allow":["GET"]}}],"collection":[{"href":"https:\/\/primelounge.com.tr\/menu\/wp-json\/wp\/v2\/pages"}],"about":[{"href":"https:\/\/primelounge.com.tr\/menu\/wp-json\/wp\/v2\/types\/page"}],"author":[{"embeddable":true,"href":"https:\/\/primelounge.com.tr\/menu\/wp-json\/wp\/v2\/users\/1"}],"replies":[{"embeddable":true,"href":"https:\/\/primelounge.com.tr\/menu\/wp-json\/wp\/v2\/comments?post=22"}],"version-history":[{"count":144,"href":"https:\/\/primelounge.com.tr\/menu\/wp-json\/wp\/v2\/pages\/22\/revisions"}],"predecessor-version":[{"id":534,"href":"https:\/\/primelounge.com.tr\/menu\/wp-json\/wp\/v2\/pages\/22\/revisions\/534"}],"wp:attachment":[{"href":"https:\/\/primelounge.com.tr\/menu\/wp-json\/wp\/v2\/media?parent=22"}],"curies":[{"name":"wp","href":"https:\/\/api.w.org\/{rel}","templated":true}]}}