{"id":232,"date":"2025-05-09T18:45:48","date_gmt":"2025-05-09T15:45:48","guid":{"rendered":"https:\/\/primelounge.com.tr\/menu\/?page_id=232"},"modified":"2026-01-10T00:05:24","modified_gmt":"2026-01-09T21:05:24","slug":"kahvalti","status":"publish","type":"page","link":"https:\/\/primelounge.com.tr\/menu\/kahvalti\/","title":{"rendered":"Kahvalt\u0131"},"content":{"rendered":"\n<div class=\"gb-element-8d2370a9\">\n<h5 class=\"gb-text gb-text-1961254e\"><strong>Kahvalt\u0131<\/strong><br>Breakfast<br>\u0417\u0430\u0432\u0442\u0440\u0430\u043a<\/h5>\n\n\n\n<div class=\"wp-block-getwid-price-list has-dots\"> <div class=\"wp-block-getwid-price-list__content-wrapper\"><div class=\"wp-block-getwid-price-list__header\"><p class=\"wp-block-getwid-price-list__title\">Sucuklu Yumurta<br>Egg with Sausage<br>\u042f\u0438\u0447\u043d\u0438\u0446\u0430 \u0441 \u0441\u043e\u0441\u0438\u0441\u043a\u0430\u043c\u0438<\/p><div class=\"wp-block-getwid-price-list__price-line\"><\/div><div class=\"wp-block-getwid-price-list__price-wrapper has-currency-after-space\"><p class=\"wp-block-getwid-price-list__currency\">TL<\/p><p class=\"wp-block-getwid-price-list__amount\">240<\/p><\/div><\/div><\/div><\/div>\n\n\n\n<div class=\"wp-block-getwid-price-list has-dots\"> <div class=\"wp-block-getwid-price-list__content-wrapper\"><div class=\"wp-block-getwid-price-list__header\"><p class=\"wp-block-getwid-price-list__title\">G\u00f6z Yumurta<br>Fried Egg<br>\u0413\u043b\u0430\u0437\u0443\u043d\u044c\u044f<\/p><div class=\"wp-block-getwid-price-list__price-line\"><\/div><div class=\"wp-block-getwid-price-list__price-wrapper has-currency-after-space\"><p class=\"wp-block-getwid-price-list__currency\">TL<\/p><p class=\"wp-block-getwid-price-list__amount\">210<\/p><\/div><\/div><\/div><\/div>\n\n\n\n<div class=\"wp-block-getwid-price-list has-dots\"> <div class=\"wp-block-getwid-price-list__content-wrapper\"><div class=\"wp-block-getwid-price-list__header\"><p class=\"wp-block-getwid-price-list__title\">Sade Omlet<br>Plain Omelette<br>\u041e\u043c\u043b\u0435\u0442 \u0431\u0435\u0437 \u0434\u043e\u0431\u0430\u0432\u043e\u043a<\/p><div class=\"wp-block-getwid-price-list__price-line\"><\/div><div class=\"wp-block-getwid-price-list__price-wrapper has-currency-after-space\"><p class=\"wp-block-getwid-price-list__currency\">TL<\/p><p class=\"wp-block-getwid-price-list__amount\">230<\/p><\/div><\/div><\/div><\/div>\n\n\n\n<div class=\"wp-block-getwid-price-list has-dots\"> <div class=\"wp-block-getwid-price-list__content-wrapper\"><div class=\"wp-block-getwid-price-list__header\"><p class=\"wp-block-getwid-price-list__title\">Sebzeli Omlet<br>Vegetable Omelette<br>\u041e\u0432\u043e\u0449\u043d\u043e\u0439 \u043e\u043c\u043b\u0435\u0442<\/p><div class=\"wp-block-getwid-price-list__price-line\"><\/div><div class=\"wp-block-getwid-price-list__price-wrapper has-currency-after-space\"><p class=\"wp-block-getwid-price-list__currency\">TL<\/p><p class=\"wp-block-getwid-price-list__amount\">260<\/p><\/div><\/div><\/div><\/div>\n\n\n\n<div class=\"wp-block-getwid-price-list has-dots\"> <div class=\"wp-block-getwid-price-list__content-wrapper\"><div class=\"wp-block-getwid-price-list__header\"><p class=\"wp-block-getwid-price-list__title\">Peynirli Omlet<br>Cheese Omelette<br>\u041e\u043c\u043b\u0435\u0442 \u0441 \u0441\u044b\u0440\u043e\u043c<\/p><div class=\"wp-block-getwid-price-list__price-line\"><\/div><div class=\"wp-block-getwid-price-list__price-wrapper has-currency-after-space\"><p class=\"wp-block-getwid-price-list__currency\">TL<\/p><p class=\"wp-block-getwid-price-list__amount\">270<\/p><\/div><\/div><\/div><\/div>\n\n\n\n<div class=\"wp-block-getwid-price-list has-dots\"> <div class=\"wp-block-getwid-price-list__content-wrapper\"><div class=\"wp-block-getwid-price-list__header\"><p class=\"wp-block-getwid-price-list__title\">Kar\u0131\u015f\u0131k Omlet<br>Mixed Omelette<br>\u0421\u043c\u0435\u0448\u0430\u043d\u043d\u044b\u0439 \u043e\u043c\u043b\u0435\u0442<\/p><div class=\"wp-block-getwid-price-list__price-line\"><\/div><div class=\"wp-block-getwid-price-list__price-wrapper has-currency-after-space\"><p class=\"wp-block-getwid-price-list__currency\">TL<\/p><p class=\"wp-block-getwid-price-list__amount\">300<\/p><\/div><\/div><\/div><\/div>\n\n\n\n<div class=\"wp-block-getwid-price-list has-dots\"> <div class=\"wp-block-getwid-price-list__content-wrapper\"><div class=\"wp-block-getwid-price-list__header\"><p class=\"wp-block-getwid-price-list__title\">Menemen<br>Menemen (Turkish Scramble)<br>\u041c\u0435\u043d\u0435\u043c\u0435\u043d<\/p><div class=\"wp-block-getwid-price-list__price-line\"><\/div><div class=\"wp-block-getwid-price-list__price-wrapper has-currency-after-space\"><p class=\"wp-block-getwid-price-list__currency\">TL<\/p><p class=\"wp-block-getwid-price-list__amount\">260<\/p><\/div><\/div><\/div><\/div>\n<\/div>\n\n\n\n<div class=\"gb-element-580aaa9a\">\n<h5 class=\"gb-text gb-text-8475f3a4\"><strong>Tost<\/strong><br>Toast<br>\u0422\u043e\u0441\u0442<\/h5>\n\n\n\n<div class=\"wp-block-getwid-price-list has-dots\"> <div class=\"wp-block-getwid-price-list__content-wrapper\"><div class=\"wp-block-getwid-price-list__header\"><p class=\"wp-block-getwid-price-list__title\">Prime Tost<br>Prime Toast<br>\u041f\u0440\u0430\u0439\u043c \u0442\u043e\u0441\u0442<\/p><div class=\"wp-block-getwid-price-list__price-line\"><\/div><div class=\"wp-block-getwid-price-list__price-wrapper has-currency-after-space\"><p class=\"wp-block-getwid-price-list__currency\">TL<\/p><p class=\"wp-block-getwid-price-list__amount\">340<\/p><\/div><\/div><\/div><\/div>\n\n\n\n<div class=\"wp-block-getwid-price-list has-dots\"> <div class=\"wp-block-getwid-price-list__content-wrapper\"><div class=\"wp-block-getwid-price-list__header\"><p class=\"wp-block-getwid-price-list__title\">Peynirli Bazlama Tost<br>Cheese Bazlama Toast<br>\u0422\u043e\u0441\u0442 \u0441 \u0441\u044b\u0440\u043e\u043c \u043d\u0430 \u0431\u0430\u0437\u043b\u0430\u043c\u0435<\/p><div class=\"wp-block-getwid-price-list__price-line\"><\/div><div class=\"wp-block-getwid-price-list__price-wrapper has-currency-after-space\"><p class=\"wp-block-getwid-price-list__currency\">TL<\/p><p class=\"wp-block-getwid-price-list__amount\">250<\/p><\/div><\/div><\/div><\/div>\n\n\n\n<div class=\"wp-block-getwid-price-list has-dots\"> <div class=\"wp-block-getwid-price-list__content-wrapper\"><div class=\"wp-block-getwid-price-list__header\"><p class=\"wp-block-getwid-price-list__title\">Kar\u0131\u015f\u0131k Bazlama Tost<br>Mixed Bazlama Toast<br>\u0421\u043c\u0435\u0448\u0430\u043d\u043d\u044b\u0439 \u0431\u0430\u0437\u043b\u0430\u043c\u0430 \u0442\u043e\u0441\u0442<\/p><div class=\"wp-block-getwid-price-list__price-line\"><\/div><div class=\"wp-block-getwid-price-list__price-wrapper has-currency-after-space\"><p class=\"wp-block-getwid-price-list__currency\">TL<\/p><p class=\"wp-block-getwid-price-list__amount\">280<\/p><\/div><\/div><\/div><\/div>\n\n\n\n<div class=\"wp-block-getwid-price-list has-dots\"> <div class=\"wp-block-getwid-price-list__content-wrapper\"><div class=\"wp-block-getwid-price-list__header\"><p class=\"wp-block-getwid-price-list__title\">Kavurmal\u0131 Bazlama Tost<br>Bazlama Toast with Roasted Meat<br>\u0411\u0430\u0437\u043b\u0430\u043c\u0430 \u0442\u043e\u0441\u0442 \u0441 \u0442\u0443\u0448\u0451\u043d\u044b\u043c \u043c\u044f\u0441\u043e\u043c<\/p><div class=\"wp-block-getwid-price-list__price-line\"><\/div><div class=\"wp-block-getwid-price-list__price-wrapper has-currency-after-space\"><p class=\"wp-block-getwid-price-list__currency\">TL<\/p><p class=\"wp-block-getwid-price-list__amount\">320<\/p><\/div><\/div><\/div><\/div>\n<\/div>\n\n\n\n<div class=\"gb-element-6bcd4dbd\">\n<h5 class=\"gb-text gb-text-da5c4ae7\"><strong>\u00c7orba<\/strong><br>Soup<br>\u0421\u0443\u043f<\/h5>\n\n\n\n<div class=\"wp-block-getwid-price-list has-dots\"> <div class=\"wp-block-getwid-price-list__content-wrapper\"><div class=\"wp-block-getwid-price-list__header\"><p class=\"wp-block-getwid-price-list__title\">Domates \u00c7orbas\u0131<br>Soup of the Day<br>\u0421\u0443\u043f \u0434\u043d\u044f<\/p><div class=\"wp-block-getwid-price-list__price-line\"><\/div><div class=\"wp-block-getwid-price-list__price-wrapper has-currency-after-space\"><p class=\"wp-block-getwid-price-list__currency\">TL<\/p><p class=\"wp-block-getwid-price-list__amount\">190<\/p><\/div><\/div><\/div><\/div>\n<\/div>\n","protected":false},"excerpt":{"rendered":"<p>Kahvalt\u0131Breakfast\u0417\u0430\u0432\u0442\u0440\u0430\u043a TostToast\u0422\u043e\u0441\u0442 \u00c7orbaSoup\u0421\u0443\u043f<\/p>\n","protected":false},"author":1,"featured_media":0,"parent":0,"menu_order":0,"comment_status":"closed","ping_status":"closed","template":"","meta":{"footnotes":""},"class_list":["post-232","page","type-page","status-publish"],"_links":{"self":[{"href":"https:\/\/primelounge.com.tr\/menu\/wp-json\/wp\/v2\/pages\/232","targetHints":{"allow":["GET"]}}],"collection":[{"href":"https:\/\/primelounge.com.tr\/menu\/wp-json\/wp\/v2\/pages"}],"about":[{"href":"https:\/\/primelounge.com.tr\/menu\/wp-json\/wp\/v2\/types\/page"}],"author":[{"embeddable":true,"href":"https:\/\/primelounge.com.tr\/menu\/wp-json\/wp\/v2\/users\/1"}],"replies":[{"embeddable":true,"href":"https:\/\/primelounge.com.tr\/menu\/wp-json\/wp\/v2\/comments?post=232"}],"version-history":[{"count":10,"href":"https:\/\/primelounge.com.tr\/menu\/wp-json\/wp\/v2\/pages\/232\/revisions"}],"predecessor-version":[{"id":623,"href":"https:\/\/primelounge.com.tr\/menu\/wp-json\/wp\/v2\/pages\/232\/revisions\/623"}],"wp:attachment":[{"href":"https:\/\/primelounge.com.tr\/menu\/wp-json\/wp\/v2\/media?parent=232"}],"curies":[{"name":"wp","href":"https:\/\/api.w.org\/{rel}","templated":true}]}}