{"id":234,"date":"2025-05-09T18:46:29","date_gmt":"2025-05-09T15:46:29","guid":{"rendered":"https:\/\/primelounge.com.tr\/menu\/?page_id=234"},"modified":"2026-01-10T00:16:24","modified_gmt":"2026-01-09T21:16:24","slug":"aperatifler","status":"publish","type":"page","link":"https:\/\/primelounge.com.tr\/menu\/aperatifler\/","title":{"rendered":"Aperatifler"},"content":{"rendered":"\n<div class=\"gb-element-8d2370a9\">\n<h5 class=\"gb-text gb-text-1961254e\"><strong>Aperatifler<\/strong><br>Snacks<br>\u0417\u0430\u043a\u0443\u0441\u043a\u0438<\/h5>\n\n\n\n<div class=\"wp-block-getwid-price-list has-dots\"> <div class=\"wp-block-getwid-price-list__content-wrapper\"><div class=\"wp-block-getwid-price-list__header\"><p class=\"wp-block-getwid-price-list__title\">Parmak Patates<br>French Fries<br>\u041a\u0430\u0440\u0442\u043e\u0444\u0435\u043b\u044c \u0444\u0440\u0438<\/p><div class=\"wp-block-getwid-price-list__price-line\"><\/div><div class=\"wp-block-getwid-price-list__price-wrapper has-currency-after-space\"><p class=\"wp-block-getwid-price-list__currency\">TL<\/p><p class=\"wp-block-getwid-price-list__amount\">210<\/p><\/div><\/div><\/div><\/div>\n\n\n\n<div class=\"wp-block-getwid-price-list has-dots\"> <div class=\"wp-block-getwid-price-list__content-wrapper\"><div class=\"wp-block-getwid-price-list__header\"><p class=\"wp-block-getwid-price-list__title\">So\u011fan Halkas\u0131<br>Onion Rings<br>\u041b\u0443\u043a\u043e\u0432\u044b\u0435 \u043a\u043e\u043b\u044c\u0446\u0430<\/p><div class=\"wp-block-getwid-price-list__price-line\"><\/div><div class=\"wp-block-getwid-price-list__price-wrapper has-currency-after-space\"><p class=\"wp-block-getwid-price-list__currency\">TL<\/p><p class=\"wp-block-getwid-price-list__amount\">210<\/p><\/div><\/div><\/div><\/div>\n\n\n\n<div class=\"wp-block-getwid-price-list has-dots\"> <div class=\"wp-block-getwid-price-list__content-wrapper\"><div class=\"wp-block-getwid-price-list__header\"><p class=\"wp-block-getwid-price-list__title\">Mozerella Sticks<br>Mozzarella Sticks<br>\u041c\u043e\u0446\u0430\u0440\u0435\u043b\u043b\u0430 \u043f\u0430\u043b\u043e\u0447\u043a\u0438<\/p><div class=\"wp-block-getwid-price-list__price-line\"><\/div><div class=\"wp-block-getwid-price-list__price-wrapper has-currency-after-space\"><p class=\"wp-block-getwid-price-list__currency\">TL<\/p><p class=\"wp-block-getwid-price-list__amount\">230<\/p><\/div><\/div><\/div><\/div>\n\n\n\n<div class=\"wp-block-getwid-price-list has-dots\"> <div class=\"wp-block-getwid-price-list__content-wrapper\"><div class=\"wp-block-getwid-price-list__header\"><p class=\"wp-block-getwid-price-list__title\">Sosis Taba\u011f\u0131<br>Sausage Platter<br>\u0422\u0430\u0440\u0435\u043b\u043a\u0430 \u0441 \u0441\u043e\u0441\u0438\u0441\u043a\u0430\u043c\u0438<\/p><div class=\"wp-block-getwid-price-list__price-line\"><\/div><div class=\"wp-block-getwid-price-list__price-wrapper has-currency-after-space\"><p class=\"wp-block-getwid-price-list__currency\">TL<\/p><p class=\"wp-block-getwid-price-list__amount\">310<\/p><\/div><\/div><\/div><\/div>\n\n\n\n<div class=\"wp-block-getwid-price-list has-dots\"> <div class=\"wp-block-getwid-price-list__content-wrapper\"><div class=\"wp-block-getwid-price-list__header\"><p class=\"wp-block-getwid-price-list__title\">\u00c7\u0131t\u0131r Tavuk Sepeti<br>Crispy Chicken Basket<br>\u041a\u043e\u0440\u0437\u0438\u043d\u043a\u0430 \u0445\u0440\u0443\u0441\u0442\u044f\u0449\u0435\u0439 \u043a\u0443\u0440\u0438\u0446\u044b<\/p><div class=\"wp-block-getwid-price-list__price-line\"><\/div><div class=\"wp-block-getwid-price-list__price-wrapper has-currency-after-space\"><p class=\"wp-block-getwid-price-list__currency\">TL<\/p><p class=\"wp-block-getwid-price-list__amount\">340<\/p><\/div><\/div><\/div><\/div>\n\n\n\n<div class=\"wp-block-getwid-price-list has-dots\"> <div class=\"wp-block-getwid-price-list__content-wrapper\"><div class=\"wp-block-getwid-price-list__header\"><p class=\"wp-block-getwid-price-list__title\">Combo Taba\u011f\u0131<br>Combo Platter<br>\u041a\u043e\u043c\u0431\u043e \u0442\u0430\u0440\u0435\u043b\u043a\u0430<\/p><div class=\"wp-block-getwid-price-list__price-line\"><\/div><div class=\"wp-block-getwid-price-list__price-wrapper has-currency-after-space\"><p class=\"wp-block-getwid-price-list__currency\">TL<\/p><p class=\"wp-block-getwid-price-list__amount\">360<\/p><\/div><\/div><\/div><\/div>\n\n\n\n<div class=\"wp-block-getwid-price-list has-dots\"> <div class=\"wp-block-getwid-price-list__content-wrapper\"><div class=\"wp-block-getwid-price-list__header\"><p class=\"wp-block-getwid-price-list__title\">Sigara B\u00f6re\u011fi<br>Cheese Rolls<br>\u0441\u044b\u0440\u043d\u044b\u0435 \u0440\u0443\u043b\u0435\u0442\u044b<\/p><div class=\"wp-block-getwid-price-list__price-line\"><\/div><div class=\"wp-block-getwid-price-list__price-wrapper has-currency-after-space\"><p class=\"wp-block-getwid-price-list__currency\">TL<\/p><p class=\"wp-block-getwid-price-list__amount\">230<\/p><\/div><\/div><\/div><\/div>\n\n\n\n<div class=\"wp-block-getwid-price-list has-dots\"> <div class=\"wp-block-getwid-price-list__content-wrapper\"><div class=\"wp-block-getwid-price-list__header\"><p class=\"wp-block-getwid-price-list__title\">Peynir Taba\u011f\u0131 (2 Ki\u015filik)<br>Cheese Platter (Double)<br>\u0421\u044b\u0440\u043d\u0430\u044f \u0442\u0430\u0440\u0435\u043b\u043a\u0430<\/p><div class=\"wp-block-getwid-price-list__price-line\"><\/div><div class=\"wp-block-getwid-price-list__price-wrapper has-currency-after-space\"><p class=\"wp-block-getwid-price-list__currency\">TL<\/p><p class=\"wp-block-getwid-price-list__amount\">680<\/p><\/div><\/div><\/div><\/div>\n<\/div>\n","protected":false},"excerpt":{"rendered":"<p>AperatiflerSnacks\u0417\u0430\u043a\u0443\u0441\u043a\u0438<\/p>\n","protected":false},"author":1,"featured_media":0,"parent":0,"menu_order":0,"comment_status":"closed","ping_status":"closed","template":"","meta":{"footnotes":""},"class_list":["post-234","page","type-page","status-publish"],"_links":{"self":[{"href":"https:\/\/primelounge.com.tr\/menu\/wp-json\/wp\/v2\/pages\/234","targetHints":{"allow":["GET"]}}],"collection":[{"href":"https:\/\/primelounge.com.tr\/menu\/wp-json\/wp\/v2\/pages"}],"about":[{"href":"https:\/\/primelounge.com.tr\/menu\/wp-json\/wp\/v2\/types\/page"}],"author":[{"embeddable":true,"href":"https:\/\/primelounge.com.tr\/menu\/wp-json\/wp\/v2\/users\/1"}],"replies":[{"embeddable":true,"href":"https:\/\/primelounge.com.tr\/menu\/wp-json\/wp\/v2\/comments?post=234"}],"version-history":[{"count":8,"href":"https:\/\/primelounge.com.tr\/menu\/wp-json\/wp\/v2\/pages\/234\/revisions"}],"predecessor-version":[{"id":625,"href":"https:\/\/primelounge.com.tr\/menu\/wp-json\/wp\/v2\/pages\/234\/revisions\/625"}],"wp:attachment":[{"href":"https:\/\/primelounge.com.tr\/menu\/wp-json\/wp\/v2\/media?parent=234"}],"curies":[{"name":"wp","href":"https:\/\/api.w.org\/{rel}","templated":true}]}}