{"id":236,"date":"2025-05-09T18:47:02","date_gmt":"2025-05-09T15:47:02","guid":{"rendered":"https:\/\/primelounge.com.tr\/menu\/?page_id=236"},"modified":"2026-01-10T00:17:39","modified_gmt":"2026-01-09T21:17:39","slug":"salatalar","status":"publish","type":"page","link":"https:\/\/primelounge.com.tr\/menu\/salatalar\/","title":{"rendered":"Salatalar"},"content":{"rendered":"\n<div class=\"gb-element-8d2370a9\">\n<h5 class=\"gb-text gb-text-1961254e\"><strong>Salata<\/strong><br>Salad<br>\u0421\u0430\u043b\u0430\u0442<\/h5>\n\n\n\n<div class=\"wp-block-getwid-price-list has-dots\"> <div class=\"wp-block-getwid-price-list__content-wrapper\"><div class=\"wp-block-getwid-price-list__header\"><p class=\"wp-block-getwid-price-list__title\">Ye\u015fil Salata<br>Green Salad<br>\u0417\u0435\u043b\u0451\u043d\u044b\u0439 \u0441\u0430\u043b\u0430\u0442<\/p><div class=\"wp-block-getwid-price-list__price-line\"><\/div><div class=\"wp-block-getwid-price-list__price-wrapper has-currency-after-space\"><p class=\"wp-block-getwid-price-list__currency\">TL<\/p><p class=\"wp-block-getwid-price-list__amount\">280<\/p><\/div><\/div><\/div><\/div>\n\n\n\n<div class=\"wp-block-getwid-price-list has-dots\"> <div class=\"wp-block-getwid-price-list__content-wrapper\"><div class=\"wp-block-getwid-price-list__header\"><p class=\"wp-block-getwid-price-list__title\">Tonbal\u0131kl\u0131 Salata<br>Tuna Salad<br>\u0421\u0430\u043b\u0430\u0442 \u0441 \u0442\u0443\u043d\u0446\u043e\u043c<\/p><div class=\"wp-block-getwid-price-list__price-line\"><\/div><div class=\"wp-block-getwid-price-list__price-wrapper has-currency-after-space\"><p class=\"wp-block-getwid-price-list__currency\">TL<\/p><p class=\"wp-block-getwid-price-list__amount\">340<\/p><\/div><\/div><\/div><\/div>\n\n\n\n<div class=\"wp-block-getwid-price-list has-dots\"> <div class=\"wp-block-getwid-price-list__content-wrapper\"><div class=\"wp-block-getwid-price-list__header\"><p class=\"wp-block-getwid-price-list__title\">Avakadolu Salata<br>Avocado Salad<br>\u0421\u0430\u043b\u0430\u0442 \u0441 \u0430\u0432\u043e\u043a\u0430\u0434\u043e<\/p><div class=\"wp-block-getwid-price-list__price-line\"><\/div><div class=\"wp-block-getwid-price-list__price-wrapper has-currency-after-space\"><p class=\"wp-block-getwid-price-list__currency\">TL<\/p><p class=\"wp-block-getwid-price-list__amount\">340<\/p><\/div><\/div><\/div><\/div>\n\n\n\n<div class=\"wp-block-getwid-price-list has-dots\"> <div class=\"wp-block-getwid-price-list__content-wrapper\"><div class=\"wp-block-getwid-price-list__header\"><p class=\"wp-block-getwid-price-list__title\">Sezar salata<br>Caesar Salad<br>\u0421\u0430\u043b\u0430\u0442 \u0426\u0435\u0437\u0430\u0440\u044c<\/p><div class=\"wp-block-getwid-price-list__price-line\"><\/div><div class=\"wp-block-getwid-price-list__price-wrapper has-currency-after-space\"><p class=\"wp-block-getwid-price-list__currency\">TL<\/p><p class=\"wp-block-getwid-price-list__amount\">380<\/p><\/div><\/div><\/div><\/div>\n\n\n\n<div class=\"wp-block-getwid-price-list has-dots\"> <div class=\"wp-block-getwid-price-list__content-wrapper\"><div class=\"wp-block-getwid-price-list__header\"><p class=\"wp-block-getwid-price-list__title\">Izgara Tavuklu Salata<br>Grilled Chicken Salad<br>\u0421\u0430\u043b\u0430\u0442 \u0441 \u043a\u0443\u0440\u0438\u0446\u0435\u0439-\u0433\u0440\u0438\u043b\u044c<\/p><div class=\"wp-block-getwid-price-list__price-line\"><\/div><div class=\"wp-block-getwid-price-list__price-wrapper has-currency-after-space\"><p class=\"wp-block-getwid-price-list__currency\">TL<\/p><p class=\"wp-block-getwid-price-list__amount\">380<\/p><\/div><\/div><\/div><\/div>\n\n\n\n<div class=\"wp-block-getwid-price-list has-dots\"> <div class=\"wp-block-getwid-price-list__content-wrapper\"><div class=\"wp-block-getwid-price-list__header\"><p class=\"wp-block-getwid-price-list__title\">Hellim Salata<br>Halloumi Salad<br>\u0421\u0430\u043b\u0430\u0442 \u0441 \u0445\u0430\u043b\u0443\u043c\u0438<\/p><div class=\"wp-block-getwid-price-list__price-line\"><\/div><div class=\"wp-block-getwid-price-list__price-wrapper has-currency-after-space\"><p class=\"wp-block-getwid-price-list__currency\">TL<\/p><p class=\"wp-block-getwid-price-list__amount\">340<\/p><\/div><\/div><\/div><\/div>\n\n\n\n<div class=\"wp-block-getwid-price-list has-dots\"> <div class=\"wp-block-getwid-price-list__content-wrapper\"><div class=\"wp-block-getwid-price-list__header\"><p class=\"wp-block-getwid-price-list__title\">Biftek salata<br>Steak Salad<br>\u0421\u0430\u043b\u0430\u0442 \u0441 \u0431\u0438\u0444\u0448\u0442\u0435\u043a\u0441\u043e\u043c<\/p><div class=\"wp-block-getwid-price-list__price-line\"><\/div><div class=\"wp-block-getwid-price-list__price-wrapper has-currency-after-space\"><p class=\"wp-block-getwid-price-list__currency\">TL<\/p><p class=\"wp-block-getwid-price-list__amount\">490<\/p><\/div><\/div><\/div><\/div>\n<\/div>\n\n\n\n<div class=\"gb-element-a4bdd021\">\n<h5 class=\"gb-text gb-text-5301f88a\"><strong>Vegan<\/strong><br>Vegan<br>\u0432\u0435\u0433\u0430\u043d<\/h5>\n\n\n\n<div class=\"wp-block-getwid-price-list has-dots\"> <div class=\"wp-block-getwid-price-list__content-wrapper\"><div class=\"wp-block-getwid-price-list__header\"><p class=\"wp-block-getwid-price-list__title\">Tatl\u0131 Ek\u015fi Vegan G\u00fcve\u00e7<br>Sweet and Sour Vegan Casserole<br>\u041a\u0438\u0441\u043b\u043e-\u0441\u043b\u0430\u0434\u043a\u0430\u044f \u0432\u0435\u0433\u0430\u043d\u0441\u043a\u0430\u044f \u0437\u0430\u043f\u0435\u043a\u0430\u043d\u043a\u0430<\/p><div class=\"wp-block-getwid-price-list__price-line\"><\/div><div class=\"wp-block-getwid-price-list__price-wrapper has-currency-after-space\"><p class=\"wp-block-getwid-price-list__currency\">TL<\/p><p class=\"wp-block-getwid-price-list__amount\">380<\/p><\/div><\/div><\/div><\/div>\n\n\n\n<div class=\"wp-block-getwid-price-list has-dots\"> <div class=\"wp-block-getwid-price-list__content-wrapper\"><div class=\"wp-block-getwid-price-list__header\"><p class=\"wp-block-getwid-price-list__title\">Tofulu Vegan Salata<br>Vegan Tofu Salad<br>\u0412\u0435\u0433\u0430\u043d\u0441\u043a\u0438\u0439 \u0441\u0430\u043b\u0430\u0442 \u0441 \u0442\u043e\u0444\u0443<\/p><div class=\"wp-block-getwid-price-list__price-line\"><\/div><div class=\"wp-block-getwid-price-list__price-wrapper has-currency-after-space\"><p class=\"wp-block-getwid-price-list__currency\">TL<\/p><p class=\"wp-block-getwid-price-list__amount\">360<\/p><\/div><\/div><\/div><\/div>\n<\/div>\n","protected":false},"excerpt":{"rendered":"<p>SalataSalad\u0421\u0430\u043b\u0430\u0442 VeganVegan\u0432\u0435\u0433\u0430\u043d<\/p>\n","protected":false},"author":1,"featured_media":0,"parent":0,"menu_order":0,"comment_status":"closed","ping_status":"closed","template":"","meta":{"footnotes":""},"class_list":["post-236","page","type-page","status-publish"],"_links":{"self":[{"href":"https:\/\/primelounge.com.tr\/menu\/wp-json\/wp\/v2\/pages\/236","targetHints":{"allow":["GET"]}}],"collection":[{"href":"https:\/\/primelounge.com.tr\/menu\/wp-json\/wp\/v2\/pages"}],"about":[{"href":"https:\/\/primelounge.com.tr\/menu\/wp-json\/wp\/v2\/types\/page"}],"author":[{"embeddable":true,"href":"https:\/\/primelounge.com.tr\/menu\/wp-json\/wp\/v2\/users\/1"}],"replies":[{"embeddable":true,"href":"https:\/\/primelounge.com.tr\/menu\/wp-json\/wp\/v2\/comments?post=236"}],"version-history":[{"count":9,"href":"https:\/\/primelounge.com.tr\/menu\/wp-json\/wp\/v2\/pages\/236\/revisions"}],"predecessor-version":[{"id":626,"href":"https:\/\/primelounge.com.tr\/menu\/wp-json\/wp\/v2\/pages\/236\/revisions\/626"}],"wp:attachment":[{"href":"https:\/\/primelounge.com.tr\/menu\/wp-json\/wp\/v2\/media?parent=236"}],"curies":[{"name":"wp","href":"https:\/\/api.w.org\/{rel}","templated":true}]}}