{"id":248,"date":"2025-05-09T18:52:52","date_gmt":"2025-05-09T15:52:52","guid":{"rendered":"https:\/\/primelounge.com.tr\/menu\/?page_id=248"},"modified":"2026-01-10T00:41:54","modified_gmt":"2026-01-09T21:41:54","slug":"tatli-ve-meyveler","status":"publish","type":"page","link":"https:\/\/primelounge.com.tr\/menu\/tatli-ve-meyveler\/","title":{"rendered":"Tatl\u0131 ve Meyveler"},"content":{"rendered":"\n<div class=\"gb-element-8d2370a9\">\n<h5 class=\"gb-text gb-text-1961254e\"><strong>Tatl\u0131<\/strong>\/Meyve<br>Dessert\/Fruit<br>\u0414\u0435\u0441\u0435\u0440\u0442\/\u0424\u0440\u0443\u043a\u0442\u044b<br><\/h5>\n\n\n\n<div class=\"wp-block-getwid-price-list has-dots\"> <div class=\"wp-block-getwid-price-list__content-wrapper\"><div class=\"wp-block-getwid-price-list__header\"><p class=\"wp-block-getwid-price-list__title\">Dondurma 1 Top<\/p><div class=\"wp-block-getwid-price-list__price-line\"><\/div><div class=\"wp-block-getwid-price-list__price-wrapper has-currency-after-space\"><p class=\"wp-block-getwid-price-list__currency\">TL<\/p><p class=\"wp-block-getwid-price-list__amount\">70<\/p><\/div><\/div><\/div><\/div>\n\n\n\n<div class=\"wp-block-getwid-price-list has-dots\"> <div class=\"wp-block-getwid-price-list__content-wrapper\"><div class=\"wp-block-getwid-price-list__header\"><p class=\"wp-block-getwid-price-list__title\">Kar\u0131\u015f\u0131k Meyve Taba\u011f\u0131 (Standart\/Double)<\/p><div class=\"wp-block-getwid-price-list__price-line\"><\/div><div class=\"wp-block-getwid-price-list__price-wrapper has-currency-after-space\"><p class=\"wp-block-getwid-price-list__currency\">TL<\/p><p class=\"wp-block-getwid-price-list__amount\">330\/490<\/p><\/div><\/div><\/div><\/div>\n\n\n\n<div class=\"wp-block-getwid-price-list has-dots\"> <div class=\"wp-block-getwid-price-list__content-wrapper\"><div class=\"wp-block-getwid-price-list__header\"><p class=\"wp-block-getwid-price-list__title\">Waffle<\/p><div class=\"wp-block-getwid-price-list__price-line\"><\/div><div class=\"wp-block-getwid-price-list__price-wrapper has-currency-after-space\"><p class=\"wp-block-getwid-price-list__currency\">TL<\/p><p class=\"wp-block-getwid-price-list__amount\">280<\/p><\/div><\/div><\/div><\/div>\n\n\n\n<div class=\"wp-block-getwid-price-list has-dots\"> <div class=\"wp-block-getwid-price-list__content-wrapper\"><div class=\"wp-block-getwid-price-list__header\"><p class=\"wp-block-getwid-price-list__title\">Ball\u0131 Medovik<\/p><div class=\"wp-block-getwid-price-list__price-line\"><\/div><div class=\"wp-block-getwid-price-list__price-wrapper has-currency-after-space\"><p class=\"wp-block-getwid-price-list__currency\">TL<\/p><p class=\"wp-block-getwid-price-list__amount\">280<\/p><\/div><\/div><\/div><\/div>\n\n\n\n<div class=\"wp-block-getwid-price-list has-dots\"> <div class=\"wp-block-getwid-price-list__content-wrapper\"><div class=\"wp-block-getwid-price-list__header\"><p class=\"wp-block-getwid-price-list__title\">Sufle (Dondurmal\u0131)<\/p><div class=\"wp-block-getwid-price-list__price-line\"><\/div><div class=\"wp-block-getwid-price-list__price-wrapper has-currency-after-space\"><p class=\"wp-block-getwid-price-list__currency\">TL<\/p><p class=\"wp-block-getwid-price-list__amount\">220<\/p><\/div><\/div><\/div><\/div>\n\n\n\n<div class=\"wp-block-getwid-price-list has-dots\"> <div class=\"wp-block-getwid-price-list__content-wrapper\"><div class=\"wp-block-getwid-price-list__header\"><p class=\"wp-block-getwid-price-list__title\">Supangle<\/p><div class=\"wp-block-getwid-price-list__price-line\"><\/div><div class=\"wp-block-getwid-price-list__price-wrapper has-currency-after-space\"><p class=\"wp-block-getwid-price-list__currency\">TL<\/p><p class=\"wp-block-getwid-price-list__amount\">220<\/p><\/div><\/div><\/div><\/div>\n\n\n\n<div class=\"wp-block-getwid-price-list has-dots\"> <div class=\"wp-block-getwid-price-list__content-wrapper\"><div class=\"wp-block-getwid-price-list__header\"><p class=\"wp-block-getwid-price-list__title\">San Sebastian (Bel\u00e7ika \u00c7ikolatal\u0131)<\/p><div class=\"wp-block-getwid-price-list__price-line\"><\/div><div class=\"wp-block-getwid-price-list__price-wrapper has-currency-after-space\"><p class=\"wp-block-getwid-price-list__currency\">TL<\/p><p class=\"wp-block-getwid-price-list__amount\">240<\/p><\/div><\/div><\/div><\/div>\n\n\n\n<div class=\"wp-block-getwid-price-list has-dots\"> <div class=\"wp-block-getwid-price-list__content-wrapper\"><div class=\"wp-block-getwid-price-list__header\"><p class=\"wp-block-getwid-price-list__title\">Tramisu<\/p><div class=\"wp-block-getwid-price-list__price-line\"><\/div><div class=\"wp-block-getwid-price-list__price-wrapper has-currency-after-space\"><p class=\"wp-block-getwid-price-list__currency\">TL<\/p><p class=\"wp-block-getwid-price-list__amount\">220<\/p><\/div><\/div><\/div><\/div>\n\n\n\n<div class=\"wp-block-getwid-price-list has-dots\"> <div class=\"wp-block-getwid-price-list__content-wrapper\"><div class=\"wp-block-getwid-price-list__header\"><p class=\"wp-block-getwid-price-list__title\">Frambuazl\u0131 Cheesecake<\/p><div class=\"wp-block-getwid-price-list__price-line\"><\/div><div class=\"wp-block-getwid-price-list__price-wrapper has-currency-after-space\"><p class=\"wp-block-getwid-price-list__currency\">TL<\/p><p class=\"wp-block-getwid-price-list__amount\">220<\/p><\/div><\/div><\/div><\/div>\n\n\n\n<div class=\"wp-block-getwid-price-list has-dots\"> <div class=\"wp-block-getwid-price-list__content-wrapper\"><div class=\"wp-block-getwid-price-list__header\"><p class=\"wp-block-getwid-price-list__title\">Limonlu Cheesecake<\/p><div class=\"wp-block-getwid-price-list__price-line\"><\/div><div class=\"wp-block-getwid-price-list__price-wrapper has-currency-after-space\"><p class=\"wp-block-getwid-price-list__currency\">TL<\/p><p class=\"wp-block-getwid-price-list__amount\">220<\/p><\/div><\/div><\/div><\/div>\n<\/div>\n\n\n\n<p><\/p>\n","protected":false},"excerpt":{"rendered":"<p>Tatl\u0131\/MeyveDessert\/Fruit\u0414\u0435\u0441\u0435\u0440\u0442\/\u0424\u0440\u0443\u043a\u0442\u044b<\/p>\n","protected":false},"author":1,"featured_media":0,"parent":0,"menu_order":0,"comment_status":"closed","ping_status":"closed","template":"","meta":{"footnotes":""},"class_list":["post-248","page","type-page","status-publish"],"_links":{"self":[{"href":"https:\/\/primelounge.com.tr\/menu\/wp-json\/wp\/v2\/pages\/248","targetHints":{"allow":["GET"]}}],"collection":[{"href":"https:\/\/primelounge.com.tr\/menu\/wp-json\/wp\/v2\/pages"}],"about":[{"href":"https:\/\/primelounge.com.tr\/menu\/wp-json\/wp\/v2\/types\/page"}],"author":[{"embeddable":true,"href":"https:\/\/primelounge.com.tr\/menu\/wp-json\/wp\/v2\/users\/1"}],"replies":[{"embeddable":true,"href":"https:\/\/primelounge.com.tr\/menu\/wp-json\/wp\/v2\/comments?post=248"}],"version-history":[{"count":12,"href":"https:\/\/primelounge.com.tr\/menu\/wp-json\/wp\/v2\/pages\/248\/revisions"}],"predecessor-version":[{"id":636,"href":"https:\/\/primelounge.com.tr\/menu\/wp-json\/wp\/v2\/pages\/248\/revisions\/636"}],"wp:attachment":[{"href":"https:\/\/primelounge.com.tr\/menu\/wp-json\/wp\/v2\/media?parent=248"}],"curies":[{"name":"wp","href":"https:\/\/api.w.org\/{rel}","templated":true}]}}